{"id":129,"date":"2019-08-24T00:19:26","date_gmt":"2019-08-23T21:19:26","guid":{"rendered":"https:\/\/transcan.ro\/?page_id=129"},"modified":"2019-08-24T00:21:52","modified_gmt":"2019-08-23T21:21:52","slug":"transcan-advance-logger-temperatura-date-rigid","status":"publish","type":"page","link":"https:\/\/transcan.ro\/?page_id=129","title":{"rendered":"Transcan\u00ae Advance Logger Temperatura Date (Rigid)"},"content":{"rendered":"<div id=\"cs-content\" class=\"cs-content\" >\n<div class=\"e129-1 x-section\" >\n      \n<div class=\"e129-2 x-container max width\" >\n    \n<div class=\"e129-3 x-column x-sm x-1-1\" >\n    \n<div class=\"e129-4 x-text x-text-headline\" data-x-element=\"text_type\" data-x-params=\"{&quot;strings&quot;:[&quot;Advance Logger Temperatura Date (Rigid)&quot;,&quot;&quot;],&quot;type_speed&quot;:50,&quot;back_speed&quot;:50,&quot;start_delay&quot;:0,&quot;back_delay&quot;:1000,&quot;loop&quot;:true,&quot;show_cursor&quot;:true,&quot;cursor&quot;:&quot;&quot;}\" >\n  <div class=\"x-text-content\"><div class=\"x-text-content-text\"><h3 class=\"x-text-content-text-primary\">Transcan\u00ae <span class=\"x-text-typing\"><\/span><\/h3><\/div><\/div><\/div>\n<\/div>\n<\/div>\n\n<div class=\"e129-5 x-container max width\" >\n    \n<div class=\"e129-6 x-column x-sm x-1-1\" >\n    \n<hr class=\"e129-7 x-line\" >\n<\/div>\n<\/div>\n\n<div class=\"e129-8 x-container max width\" >\n    \n<div class=\"e129-9 x-column x-sm x-1-1\" >\n    \n<div class=\"e129-10 x-text\" >\n  <p><span style=\"color: #000000;\">Timp de 20 de ani \u0219i de num\u0103rare Termografe Transcan\u00ae au deservit pie\u021bele de transport \u0219i coldstorage frigorifice.\u00a0Transcan\u00ae Advance nu este o excep\u021bie.\u00a0<span class=\"\">Furnizarea de date clare, precise \u0219i semnificative de temperatur\u0103 pentru a proteja integritatea produselor atunci c\u00e2nd conteaz\u0103 cel mai mult.<\/span><\/span><\/p><\/div>\n<\/div>\n<\/div>\n\n<div class=\"e129-11 x-container max width\" >\n    \n<div class=\"e129-12 x-column x-sm x-2-3\" >\n    \n<span class=\"e129-13 x-image\" >\n  <img alt=\"Image\" src=\"https:\/\/transcan.ro\/wp-content\/uploads\/2019\/08\/Transcan-Advance-Rigid-700.png\" width=\"700\" height=\"486\" >\n<\/span>\n<\/div>\n\n<div class=\"e129-14 x-column x-sm x-1-3\" >\n    \n<hr class=\"e129-15 x-line\" >\n\n<div class=\"e129-16 x-text\" >\n  <p><span style=\"color: #000000;\">P\u00e2n\u0103 la 8 intr\u0103ri independente de senzori de temperatur\u0103 <\/span><\/p>\n<p><span style=\"color: #000000;\">P\u00e2n\u0103 la 8 intr\u0103ri comutator (de exemplu u\u0219i, decongelare, putere frigider \u0219i definite de utilizator) <\/span><\/p>\n<p><span style=\"color: #000000;\">Senzor de umiditate <\/span><\/p>\n<p><span style=\"color: #000000;\">Vizibilitatea clar\u0103 a alarmelor out-of-range prin seturi de alarm\u0103 8 temperatur\u0103 numeric fizic\u0103 imprimate \u0219i dovada grafic\u0103 a temperaturii prin bilete de livrare, bilete de c\u0103l\u0103torie \u0219i imprimate de mai multe zile F\u0103r\u0103 zgomot, de mare vitez\u0103 de imprimare termic\u0103 prin intermediul unui singur buton de imprimare <\/span><\/p>\n<p><span style=\"color: #000000;\">Memorie \u00een stare solid\u0103 - pentru a stoca p\u00e2n\u0103 la 2 ani de datawhen temperatur\u0103 colectate prin intermediul a 8 sonde albastru \u00eembun\u0103t\u0103\u021bit\u0103 pe ecran OLED negru pentru a face mult mai u\u0219or de citit pe ecran port USB pentru a desc\u0103rca cu u\u0219urin\u021b\u0103 date de temperatur\u0103 pe orice PC<\/span><\/p><\/div>\n<\/div>\n<\/div>\n\n<div class=\"e129-17 x-container max width\" >\n    \n<div class=\"e129-18 x-column x-sm x-1-1\" >\n    \n<hr class=\"e129-19 x-line\" >\n<\/div>\n<\/div>\n\n<div class=\"e129-20 x-container max width\" >\n    \n<div class=\"e129-21 x-column x-sm x-2-3\" >\n    <ul  class=\"x-feature-list\"  data-x-element=\"feature_list\" data-x-params=\"{&quot;animationOffset&quot;:&quot;50&quot;,&quot;animationDelayInitial&quot;:&quot;0&quot;,&quot;animationDelayBetween&quot;:&quot;300&quot;}\" ><li  class=\"x-feature-box left-text top-text cf\" style=\" max-width: none;\" data-x-element=\"feature_box\" data-x-params=\"{&quot;child&quot;:true,&quot;graphicAnimation&quot;:&quot;none&quot;,&quot;connectorAnimation&quot;:&quot;none&quot;,&quot;alignH&quot;:&quot;left&quot;,&quot;alignV&quot;:&quot;top&quot;}\" ><span class=\"x-feature-box-connector full\" style=\"font-size: 60px; left: 0; right: calc(100% - 60px); border-left: 1px dashed hsl(0, 0%, 0%);\"><\/span><div class=\"x-feature-box-graphic circle \"><div class=\"x-feature-box-graphic-outer circle\" style=\" margin-right: 20px;\"><div class=\"x-feature-box-graphic-inner circle\" style=\"font-size: 60px;\"><i class=\"x-icon-snowflake circle\" data-x-icon-s=\"&#xf2dc;\"  style=\"margin: 0 auto; color: hsl(0, 0%, 0%); background-color: hsl(0, 0%, 0%);\"><\/i><\/div><\/div><\/div><div class=\"x-feature-box-content \"><h4 class=\"x-feature-box-title\">Usor<\/h4><p class=\"x-feature-box-text\">\n<h5>Pentru monitorizarea eficient\u0103 a costurilor de \u00eencredere \u0219i de \u00eenregistrare alege Transcan Advance, industria standard de \u00eenregistrarea temperaturii care \u00eencorporeaz\u0103 ADR unic (Automatic zilnic\u0103 de \u00eenregistrare) Sistem. Transcan Advance include acum o serie de caracteri<\/p>\n<h5><\/p><\/div><\/li><li  class=\"x-feature-box left-text top-text cf\" style=\" max-width: none;\" data-x-element=\"feature_box\" data-x-params=\"{&quot;child&quot;:true,&quot;graphicAnimation&quot;:&quot;none&quot;,&quot;connectorAnimation&quot;:&quot;none&quot;,&quot;alignH&quot;:&quot;left&quot;,&quot;alignV&quot;:&quot;top&quot;}\" ><span class=\"x-feature-box-connector full\" style=\"font-size: 60px; left: 0; right: calc(100% - 60px); border-left: 1px dashed hsl(0, 0%, 0%);\"><\/span><div class=\"x-feature-box-graphic circle \"><div class=\"x-feature-box-graphic-outer circle\" style=\" margin-right: 20px;\"><div class=\"x-feature-box-graphic-inner circle\" style=\"font-size: 60px;\"><i class=\"x-icon-bicycle circle\" data-x-icon-s=\"&#xf206;\"  style=\"margin: 0 auto; color: hsl(0, 0%, 0%); background-color: hsl(0, 0%, 0%);\"><\/i><\/div><\/div><\/div><div class=\"x-feature-box-content \"><h4 class=\"x-feature-box-title\">Certificat<\/h4><p class=\"x-feature-box-text\">\n<h5>Aparate de \u00eenregistrat Transcan Advance au fost testate \u0219i aprobate \u00eempotriva EN 12830 norma pentru sistemele de \u00eenregistrare a temperaturii vehiculului \u0219i sunt certificate ca un dispozitiv din clasa 1. Aceasta este cea mai \u00eenalt\u0103 clasificare de performan\u021b\u0103 care pot fi acordate. \u00cen plus recordere Transcan Advance au \u00eendeplinit cerin\u021bele din interpretarea german\u0103 a CEE Directiva 92\/1 \/ EWG \u0219i au primit certificarea de c\u0103tre german de testare Casa TUV Bau-und Betriebstechnik.<\/p>\n<h5><\/p><\/div><\/li><li  class=\"x-feature-box left-text top-text cf\" style=\" max-width: none;\" data-x-element=\"feature_box\" data-x-params=\"{&quot;child&quot;:true,&quot;graphicAnimation&quot;:&quot;none&quot;,&quot;connectorAnimation&quot;:&quot;none&quot;,&quot;alignH&quot;:&quot;left&quot;,&quot;alignV&quot;:&quot;top&quot;}\" ><span class=\"x-feature-box-connector full\" style=\"font-size: 60px; left: 0; right: calc(100% - 60px); border-left: 1px dashed hsl(0, 0%, 0%);\"><\/span><div class=\"x-feature-box-graphic circle \"><div class=\"x-feature-box-graphic-outer circle\" style=\" margin-right: 20px;\"><div class=\"x-feature-box-graphic-inner circle\" style=\"font-size: 60px;\"><i class=\"x-icon-envelope-o circle\" data-x-icon-o=\"&#xf0e0;\"  style=\"margin: 0 auto; color: hsl(0, 0%, 0%); background-color: hsl(0, 0%, 0%);\"><\/i><\/div><\/div><\/div><div class=\"x-feature-box-content \"><h4 class=\"x-feature-box-title\">Multilingual<\/h4><p class=\"x-feature-box-text\">\n<h5>Recordere Transcan Advance include posibilitatea de a selecta limba de operare (englez\u0103, francez\u0103, german\u0103, spaniol\u0103, italian\u0103 portughez\u0103, polonez\u0103 sau olandez\u0103), cu un sistem unic de ajutor \u00een-a construit, acest lucru face ca Transcan singura mai multe limbi de sine a temperaturii document\u0103rii recorder.<\/p>\n<h5><\/p><\/div><\/li><li  class=\"x-feature-box left-text top-text cf\" style=\" max-width: none;\" data-x-element=\"feature_box\" data-x-params=\"{&quot;child&quot;:true,&quot;graphicAnimation&quot;:&quot;none&quot;,&quot;connectorAnimation&quot;:&quot;none&quot;,&quot;alignH&quot;:&quot;left&quot;,&quot;alignV&quot;:&quot;top&quot;}\" ><span class=\"x-feature-box-connector full\" style=\"font-size: 60px; left: 0; right: calc(100% - 60px); border-left: 1px dashed hsl(0, 0%, 0%);\"><\/span><div class=\"x-feature-box-graphic circle \"><div class=\"x-feature-box-graphic-outer circle\" style=\" margin-right: 20px;\"><div class=\"x-feature-box-graphic-inner circle\" style=\"font-size: 60px;\"><i class=\"x-icon-snowflake circle\" data-x-icon-s=\"&#xf2dc;\"  style=\"margin: 0 auto; color: hsl(0, 0%, 0%); background-color: hsl(0, 0%, 0%);\"><\/i><\/div><\/div><\/div><div class=\"x-feature-box-content \"><h4 class=\"x-feature-box-title\">Intr\u0103ri & Sonde<\/h4><p class=\"x-feature-box-text\">\n<h5>Transcan Advance suport\u0103 p\u00e2n\u0103 la 8 intr\u0103ri de temperatur\u0103 separate de senzori termistor NTC de precizie. Fiecare intrare este caracterizat\u0103 de func\u021bionare \u00eentre -45C \u0219i + 50C. Pute\u021bi ad\u0103uga, de asemenea, p\u00e2n\u0103 la 8 intr\u0103ri de comutare, cum ar fi \u00eentrerup\u0103toare de u\u0219\u0103, decongelare, frigider pornit \/ oprit sau alarme.  Senzorii sunt disponibile cu lungimi de cablu de p\u00e2n\u0103 la 18 metri \u0219i sunt pe deplin interschimbabile. Pentru a respecta cerin\u021bele de igien\u0103 alimentare Amendamentul Regulamentele UK fiecare senzor termistor Transcan are un r\u0103spuns termic umed (T90 de aproximativ 8 minute).  Senzorii op\u021bionali temperatura sonda de produse sunt disponibile \u00een dou\u0103 formate. O sond\u0103 de inser\u021bie care este rotunjit cu un cap\u0103t semi-ascu\u021bit, utilizat \u00een mod normal pentru introducerea direct\u0103 \u00een produse, cum ar fi carcase de carne \u0219i un pachet \u00eentre sond\u0103 care este aplatizat pentru a permite introducerea \u00eentre cutii sau cutii cu produse alimentare  Sonde de produse au un timp de r\u0103spuns mai rapid dec\u00e2t senzorii de temperatur\u0103 a aerului (T90 de aproximativ 1 minut) \u0219i sunt avantajoase pentru operatorii de vehicule de livrare Multidrop unde temperatura aerului de detectare in sine nu poate furniza o indica\u021bie semnificativ\u0103 a temperaturii produsului.<\/p>\n<h5><\/p><\/div><\/li><\/ul><\/div>\n\n<div class=\"e129-27 x-column x-sm x-1-3\" >\n    \n<div class=\"e129-28 x-text x-text-headline\" >\n  <div class=\"x-text-content\"><div class=\"x-text-content-text\"><h3 class=\"x-text-content-text-primary\"><p><span style=\"color: #000000;\"><strong>Ce e in cutie?<\/strong><\/span><\/p><\/h3><\/div><\/div><\/div>\n\n<hr class=\"e129-29 x-line\" >\n\n<span class=\"e129-30 x-image\" >\n  <img alt=\"Image\" src=\"https:\/\/transcan.ro\/wp-content\/uploads\/2019\/08\/rigid-whats-in-the-box.png\" width=\"323\" height=\"454\" >\n<\/span>\n<ul class=\"x-ul-icons\"  ><\/ul><ul  class=\"x-feature-list\"  data-x-element=\"feature_list\" data-x-params=\"{&quot;animationOffset&quot;:&quot;50&quot;,&quot;animationDelayInitial&quot;:&quot;0&quot;,&quot;animationDelayBetween&quot;:&quot;300&quot;}\" ><li  class=\"x-feature-box left-text top-text cf\" style=\" max-width: none;\" data-x-element=\"feature_box\" data-x-params=\"{&quot;child&quot;:true,&quot;graphicAnimation&quot;:&quot;fadeIn&quot;,&quot;connectorAnimation&quot;:&quot;none&quot;,&quot;alignH&quot;:&quot;left&quot;,&quot;alignV&quot;:&quot;top&quot;}\" ><span class=\"x-feature-box-connector full\" style=\"font-size: 10px; left: 0; right: calc(100% - 10px); border-left: 1px dashed #272727;\"><\/span><div class=\"x-feature-box-graphic circle \"><div class=\"x-feature-box-graphic-outer circle animated-hide\" style=\" margin-right: 20px;\"><div class=\"x-feature-box-graphic-inner circle\" style=\"font-size: 10px;\"><i class=\"number w-h circle\" style=\"margin: 0 auto; color: hsl(0, 0%, 0%); background-color: hsl(0, 0%, 0%);\"><\/i><\/div><\/div><\/div><div class=\"x-feature-box-content \"><h4 class=\"x-feature-box-title\">FA-0744\/22<\/h4><p class=\"x-feature-box-text\">CARCAS\u0102 (TRAILER COMPLET) VARIANTA<\/p><\/div><\/li><li  class=\"x-feature-box left-text top-text cf\" style=\" max-width: none;\" data-x-element=\"feature_box\" data-x-params=\"{&quot;child&quot;:true,&quot;graphicAnimation&quot;:&quot;fadeIn&quot;,&quot;connectorAnimation&quot;:&quot;none&quot;,&quot;alignH&quot;:&quot;left&quot;,&quot;alignV&quot;:&quot;top&quot;}\" ><span class=\"x-feature-box-connector full\" style=\"font-size: 10px; left: 0; right: calc(100% - 10px); border-left: 1px dashed #272727;\"><\/span><div class=\"x-feature-box-graphic circle \"><div class=\"x-feature-box-graphic-outer circle animated-hide\" style=\" margin-right: 20px;\"><div class=\"x-feature-box-graphic-inner circle\" style=\"font-size: 10px;\"><i class=\"number w-h circle\" style=\"margin: 0 auto; color: hsl(0, 0%, 0%); background-color: hsl(0, 0%, 0%);\"><\/i><\/div><\/div><\/div><div class=\"x-feature-box-content \"><h4 class=\"x-feature-box-title\">TSAT \/ 4<\/h4><p class=\"x-feature-box-text\">TRAILER SAU CAB MODUL<\/p><\/div><\/li><li  class=\"x-feature-box left-text top-text cf\" style=\" max-width: none;\" data-x-element=\"feature_box\" data-x-params=\"{&quot;child&quot;:true,&quot;graphicAnimation&quot;:&quot;fadeIn&quot;,&quot;connectorAnimation&quot;:&quot;none&quot;,&quot;alignH&quot;:&quot;left&quot;,&quot;alignV&quot;:&quot;top&quot;}\" ><span class=\"x-feature-box-connector full\" style=\"font-size: 10px; left: 0; right: calc(100% - 10px); border-left: 1px dashed #272727;\"><\/span><div class=\"x-feature-box-graphic circle \"><div class=\"x-feature-box-graphic-outer circle animated-hide\" style=\" margin-right: 20px;\"><div class=\"x-feature-box-graphic-inner circle\" style=\"font-size: 10px;\"><i class=\"number w-h circle\" style=\"margin: 0 auto; color: hsl(0, 0%, 0%); background-color: hsl(0, 0%, 0%);\"><\/i><\/div><\/div><\/div><div class=\"x-feature-box-content \"><h4 class=\"x-feature-box-title\">KL-1466<\/h4><p class=\"x-feature-box-text\">ACCES PRIN CABLU. PUTERE PENTRU TRAILER<\/p><\/div><\/li><li  class=\"x-feature-box left-text top-text cf\" style=\" max-width: none;\" data-x-element=\"feature_box\" data-x-params=\"{&quot;child&quot;:true,&quot;graphicAnimation&quot;:&quot;fadeIn&quot;,&quot;connectorAnimation&quot;:&quot;none&quot;,&quot;alignH&quot;:&quot;left&quot;,&quot;alignV&quot;:&quot;top&quot;}\" ><span class=\"x-feature-box-connector full\" style=\"font-size: 10px; left: 0; right: calc(100% - 10px); border-left: 1px dashed #272727;\"><\/span><div class=\"x-feature-box-graphic circle \"><div class=\"x-feature-box-graphic-outer circle animated-hide\" style=\" margin-right: 20px;\"><div class=\"x-feature-box-graphic-inner circle\" style=\"font-size: 10px;\"><i class=\"number w-h circle\" style=\"margin: 0 auto; color: hsl(0, 0%, 0%); background-color: hsl(0, 0%, 0%);\"><\/i><\/div><\/div><\/div><div class=\"x-feature-box-content \"><h4 class=\"x-feature-box-title\">PS-0258<\/h4><p class=\"x-feature-box-text\">CONECTOR 8-WAY<\/p><\/div><\/li><li  class=\"x-feature-box left-text top-text cf\" style=\" max-width: none;\" data-x-element=\"feature_box\" data-x-params=\"{&quot;child&quot;:true,&quot;graphicAnimation&quot;:&quot;fadeIn&quot;,&quot;connectorAnimation&quot;:&quot;none&quot;,&quot;alignH&quot;:&quot;left&quot;,&quot;alignV&quot;:&quot;top&quot;}\" ><span class=\"x-feature-box-connector full\" style=\"font-size: 10px; left: 0; right: calc(100% - 10px); border-left: 1px dashed #272727;\"><\/span><div class=\"x-feature-box-graphic circle \"><div class=\"x-feature-box-graphic-outer circle animated-hide\" style=\" margin-right: 20px;\"><div class=\"x-feature-box-graphic-inner circle\" style=\"font-size: 10px;\"><i class=\"number w-h circle\" style=\"margin: 0 auto; color: hsl(0, 0%, 0%); background-color: hsl(0, 0%, 0%);\"><\/i><\/div><\/div><\/div><div class=\"x-feature-box-content \"><h4 class=\"x-feature-box-title\">PS-0200\/18-S<\/h4><p class=\"x-feature-box-text\">PROBE DE AER 18 METER ECRANAT<\/p><\/div><\/li><li  class=\"x-feature-box left-text top-text cf\" style=\" max-width: none;\" data-x-element=\"feature_box\" data-x-params=\"{&quot;child&quot;:true,&quot;graphicAnimation&quot;:&quot;fadeIn&quot;,&quot;connectorAnimation&quot;:&quot;none&quot;,&quot;alignH&quot;:&quot;left&quot;,&quot;alignV&quot;:&quot;top&quot;}\" ><span class=\"x-feature-box-connector full\" style=\"font-size: 10px; left: 0; right: calc(100% - 10px); border-left: 1px dashed #272727;\"><\/span><div class=\"x-feature-box-graphic circle \"><div class=\"x-feature-box-graphic-outer circle animated-hide\" style=\" margin-right: 20px;\"><div class=\"x-feature-box-graphic-inner circle\" style=\"font-size: 10px;\"><i class=\"number w-h circle\" style=\"margin: 0 auto; color: hsl(0, 0%, 0%); background-color: hsl(0, 0%, 0%);\"><\/i><\/div><\/div><\/div><div class=\"x-feature-box-content \"><h4 class=\"x-feature-box-title\">DE-1461<\/h4><p class=\"x-feature-box-text\">CABLE ASSEMBLY (PUTERE) PENTRU TRAILER<\/p><\/div><\/li><li  class=\"x-feature-box left-text top-text cf\" style=\" max-width: none;\" data-x-element=\"feature_box\" data-x-params=\"{&quot;child&quot;:true,&quot;graphicAnimation&quot;:&quot;fadeIn&quot;,&quot;connectorAnimation&quot;:&quot;none&quot;,&quot;alignH&quot;:&quot;left&quot;,&quot;alignV&quot;:&quot;top&quot;}\" ><span class=\"x-feature-box-connector full\" style=\"font-size: 10px; left: 0; right: calc(100% - 10px); border-left: 1px dashed #272727;\"><\/span><div class=\"x-feature-box-graphic circle \"><div class=\"x-feature-box-graphic-outer circle animated-hide\" style=\" margin-right: 20px;\"><div class=\"x-feature-box-graphic-inner circle\" style=\"font-size: 10px;\"><i class=\"number w-h circle\" style=\"margin: 0 auto; color: hsl(0, 0%, 0%); background-color: hsl(0, 0%, 0%);\"><\/i><\/div><\/div><\/div><div class=\"x-feature-box-content \"><h4 class=\"x-feature-box-title\">PS-0200\/06-S<\/h4><p class=\"x-feature-box-text\">SONDA 6 METER ECRANAT<\/p><\/div><\/li><\/ul><h6 class=\"h-skill-bar\">EN12830 VERIFICAT<\/h6><div  class=\"x-skill-bar\" data-x-element=\"skill_bar\" data-x-params=\"{&quot;percent&quot;:&quot;100%&quot;}\" ><div class=\"bar\" style=\" background-color: hsl(0, 0%, 0%);\"><div class=\"percent\">100%<\/div><\/div><\/div><h6 class=\"h-skill-bar\">HACCP CONFORMITATE<\/h6><div  class=\"x-skill-bar\" data-x-element=\"skill_bar\" data-x-params=\"{&quot;percent&quot;:&quot;100%&quot;}\" ><div class=\"bar\" style=\" background-color: hsl(0, 0%, 0%);\"><div class=\"percent\">100%<\/div><\/div><\/div><h6 class=\"h-skill-bar\">WELMEC COMPATIBILE<\/h6><div  class=\"x-skill-bar\" data-x-element=\"skill_bar\" data-x-params=\"{&quot;percent&quot;:&quot;100%&quot;}\" ><div class=\"bar\" style=\" background-color: hsl(0, 0%, 0%);\"><div class=\"percent\">100%<\/div><\/div><\/div><\/div>\n<\/div>\n  <\/div>\n<\/div>\n","protected":false},"excerpt":{"rendered":"Transcan\u00ae Timp de 20 de ani \u0219i de num\u0103rare Termografe Transcan\u00ae au deservit pie\u021bele de transport \u0219i coldstorage frigorifice.\u00a0Transcan\u00ae Advance nu este o excep\u021bie.\u00a0Furnizarea de date clare, precise \u0219i semnificative de temperatur\u0103 pentru a proteja integritatea produselor atunci c\u00e2nd conteaz\u0103 cel mai mult. P\u00e2n\u0103 la 8 intr\u0103ri independente de senzori de temperatur\u0103 P\u00e2n\u0103 la 8 intr\u0103ri comutator (de exemplu u\u0219i, ...","protected":false},"author":1,"featured_media":0,"parent":0,"menu_order":0,"comment_status":"closed","ping_status":"closed","template":"template-blank-1.php","meta":[],"yoast_head":"<!-- This site is optimized with the Yoast SEO plugin v15.3 - https:\/\/yoast.com\/wordpress\/plugins\/seo\/ -->\n<title>Transcan\u00ae Advance Logger Temperatura Date (Rigid) - Transcan<\/title>\n<meta name=\"robots\" content=\"index, follow, max-snippet:-1, max-image-preview:large, max-video-preview:-1\" \/>\n<link rel=\"canonical\" href=\"https:\/\/transcan.ro\/?page_id=129\" \/>\n<meta property=\"og:locale\" content=\"ro_RO\" \/>\n<meta property=\"og:type\" content=\"article\" \/>\n<meta property=\"og:title\" content=\"Transcan\u00ae Advance Logger Temperatura Date (Rigid) - Transcan\" \/>\n<meta property=\"og:url\" content=\"https:\/\/transcan.ro\/?page_id=129\" \/>\n<meta property=\"og:site_name\" content=\"Transcan\" \/>\n<meta property=\"article:modified_time\" content=\"2019-08-23T21:21:52+00:00\" \/>\n<meta name=\"twitter:card\" content=\"summary_large_image\" \/>\n<meta name=\"twitter:label1\" content=\"Scris de\">\n\t<meta name=\"twitter:data1\" content=\"admin\">\n\t<meta name=\"twitter:label2\" content=\"Timp estimat pentru citire\">\n\t<meta name=\"twitter:data2\" content=\"5 minute\">\n<script type=\"application\/ld+json\" class=\"yoast-schema-graph\">{\"@context\":\"https:\/\/schema.org\",\"@graph\":[{\"@type\":\"WebSite\",\"@id\":\"https:\/\/transcan.ro\/#website\",\"url\":\"https:\/\/transcan.ro\/\",\"name\":\"Transcan\",\"description\":\"Masurarea Temperaturii\",\"potentialAction\":[{\"@type\":\"SearchAction\",\"target\":\"https:\/\/transcan.ro\/?s={search_term_string}\",\"query-input\":\"required name=search_term_string\"}],\"inLanguage\":\"ro-RO\"},{\"@type\":\"WebPage\",\"@id\":\"https:\/\/transcan.ro\/?page_id=129#webpage\",\"url\":\"https:\/\/transcan.ro\/?page_id=129\",\"name\":\"Transcan\\u00ae Advance Logger Temperatura Date (Rigid) - Transcan\",\"isPartOf\":{\"@id\":\"https:\/\/transcan.ro\/#website\"},\"datePublished\":\"2019-08-23T21:19:26+00:00\",\"dateModified\":\"2019-08-23T21:21:52+00:00\",\"inLanguage\":\"ro-RO\",\"potentialAction\":[{\"@type\":\"ReadAction\",\"target\":[\"https:\/\/transcan.ro\/?page_id=129\"]}]}]}<\/script>\n<!-- \/ Yoast SEO plugin. -->","_links":{"self":[{"href":"https:\/\/transcan.ro\/index.php?rest_route=\/wp\/v2\/pages\/129"}],"collection":[{"href":"https:\/\/transcan.ro\/index.php?rest_route=\/wp\/v2\/pages"}],"about":[{"href":"https:\/\/transcan.ro\/index.php?rest_route=\/wp\/v2\/types\/page"}],"author":[{"embeddable":true,"href":"https:\/\/transcan.ro\/index.php?rest_route=\/wp\/v2\/users\/1"}],"replies":[{"embeddable":true,"href":"https:\/\/transcan.ro\/index.php?rest_route=%2Fwp%2Fv2%2Fcomments&post=129"}],"version-history":[{"count":2,"href":"https:\/\/transcan.ro\/index.php?rest_route=\/wp\/v2\/pages\/129\/revisions"}],"predecessor-version":[{"id":133,"href":"https:\/\/transcan.ro\/index.php?rest_route=\/wp\/v2\/pages\/129\/revisions\/133"}],"wp:attachment":[{"href":"https:\/\/transcan.ro\/index.php?rest_route=%2Fwp%2Fv2%2Fmedia&parent=129"}],"curies":[{"name":"wp","href":"https:\/\/api.w.org\/{rel}","templated":true}]}}