{"id":134,"date":"2019-08-24T00:22:51","date_gmt":"2019-08-23T21:22:51","guid":{"rendered":"https:\/\/transcan.ro\/?page_id=134"},"modified":"2019-08-24T00:40:15","modified_gmt":"2019-08-23T21:40:15","slug":"transcan-pharma-logger-temperatura-date","status":"publish","type":"page","link":"https:\/\/transcan.ro\/?page_id=134","title":{"rendered":"Transcan\u00ae Pharma +  Logger Temperatura Date"},"content":{"rendered":"<div id=\"cs-content\" class=\"cs-content\" >\n<div class=\"e134-1 x-section\" >\n      \n<div class=\"e134-2 x-container max width\" >\n    \n<div class=\"e134-3 x-column x-sm x-1-1\" >\n    \n<div class=\"e134-4 x-text x-text-headline\" data-x-element=\"text_type\" data-x-params=\"{&quot;strings&quot;:[&quot;Pharma + Logger Temperatura Date&quot;,&quot;&quot;],&quot;type_speed&quot;:50,&quot;back_speed&quot;:50,&quot;start_delay&quot;:0,&quot;back_delay&quot;:1000,&quot;loop&quot;:true,&quot;show_cursor&quot;:true,&quot;cursor&quot;:&quot;&quot;}\" >\n  <div class=\"x-text-content\"><div class=\"x-text-content-text\"><h3 class=\"x-text-content-text-primary\">Transcan\u00ae <span class=\"x-text-typing\"><\/span><\/h3><\/div><\/div><\/div>\n<\/div>\n<\/div>\n\n<div class=\"e134-5 x-container max width\" >\n    \n<div class=\"e134-6 x-column x-sm x-1-1\" >\n    \n<hr class=\"e134-7 x-line\" >\n<\/div>\n<\/div>\n\n<div class=\"e134-8 x-container max width\" >\n    \n<div class=\"e134-9 x-column x-sm x-1-1\" >\n    \n<div class=\"e134-10 x-text\" >\n  <div id=\"x-section-1\" class=\"x-section cs-ta-center\">\n<div class=\"x-container max width\">\n<div class=\"x-column x-sm x-1-1\">\n<div class=\"x-text cs-ta-left\">\n<p class=\"man\"><span><span class=\"\">Transcan\u00ae Pharma + este un \u00eenregistrator de date de temperatur\u0103 proiectat special pentru industria de distribu\u021bie farmaceutic\u0103 \u0219i cerin\u021ba PIB \u00een minte.<\/span><\/span><\/p>\n<p><span>Suport\u0103 p\u00e2n\u0103 la 8 intr\u0103ri de temperatur\u0103 separate de senzori termistor NTC de precizie. Fiecare intrare este caracterizat\u0103 de func\u021bionare \u00eentre -40 \u00b0 C \u0219i + 40 \u00b0 C. Pute\u021bi ad\u0103uga, de asemenea, p\u00e2n\u0103 la 7 intr\u0103ri de comutare, cum ar fi switch-uri, u\u0219i de dezghe\u021bare \u0219i frigider pornire \/ oprire alarme.<\/span><\/p>\n\n<\/div>\n<\/div>\n<\/div>\n<\/div><\/div>\n<\/div>\n<\/div>\n\n<div class=\"e134-11 x-container max width\" >\n    \n<div class=\"e134-12 x-column x-sm x-2-3\" >\n    \n<span class=\"e134-13 x-image\" >\n  <img alt=\"Image\" src=\"https:\/\/transcan.ro\/wp-content\/uploads\/2019\/08\/Pharma-Trio-Small.jpg\" width=\"1000\" height=\"585\" >\n<\/span>\n<\/div>\n\n<div class=\"e134-14 x-column x-sm x-1-3\" >\n    \n<hr class=\"e134-15 x-line\" >\n\n<div class=\"e134-16 x-text\" >\n  <div id=\"x-section-1\" class=\"x-section cs-ta-center\">\n<div class=\"x-container max width\">\n<div class=\"x-column x-sm x-1-1\">\n<div class=\"x-text cs-ta-left\">\n<p class=\"man\"><span><span class=\"\">Transcan\u00ae Pharma + este un \u00eenregistrator de date de temperatur\u0103 proiectat special pentru industria de distribu\u021bie farmaceutic\u0103 \u0219i cerin\u021ba PIB \u00een minte.<\/span><\/span><\/p>\n<p><span>Suport\u0103 p\u00e2n\u0103 la 8 intr\u0103ri de temperatur\u0103 separate de senzori termistor NTC de precizie. Fiecare intrare este caracterizat\u0103 de func\u021bionare \u00eentre -40 \u00b0 C \u0219i + 40 \u00b0 C. Pute\u021bi ad\u0103uga, de asemenea, p\u00e2n\u0103 la 7 intr\u0103ri de comutare, cum ar fi switch-uri, u\u0219i de dezghe\u021bare \u0219i frigider pornire \/ oprire alarme.<\/span><\/p>\n\n<\/div>\n<\/div>\n<\/div>\n<\/div><\/div>\n<\/div>\n<\/div>\n\n<div class=\"e134-17 x-container max width\" >\n    \n<div class=\"e134-18 x-column x-sm x-1-1\" >\n    \n<hr class=\"e134-19 x-line\" >\n<\/div>\n<\/div>\n\n<div class=\"e134-20 x-container max width\" >\n    \n<div class=\"e134-21 x-column x-sm x-2-3\" >\n    <ul  class=\"x-feature-list\"  data-x-element=\"feature_list\" data-x-params=\"{&quot;animationOffset&quot;:&quot;50&quot;,&quot;animationDelayInitial&quot;:&quot;0&quot;,&quot;animationDelayBetween&quot;:&quot;300&quot;}\" ><li  class=\"x-feature-box left-text top-text cf\" style=\" max-width: none;\" data-x-element=\"feature_box\" data-x-params=\"{&quot;child&quot;:true,&quot;graphicAnimation&quot;:&quot;none&quot;,&quot;connectorAnimation&quot;:&quot;none&quot;,&quot;alignH&quot;:&quot;left&quot;,&quot;alignV&quot;:&quot;top&quot;}\" ><span class=\"x-feature-box-connector full\" style=\"font-size: 60px; left: 0; right: calc(100% - 60px); border-left: 1px dashed hsla(134, 90%, 56%, 0.42);\"><\/span><div class=\"x-feature-box-graphic circle \"><div class=\"x-feature-box-graphic-outer circle\" style=\" margin-right: 20px;\"><div class=\"x-feature-box-graphic-inner circle\" style=\"font-size: 60px;\"><i class=\"x-icon-snowflake circle\" data-x-icon-s=\"&#xf2dc;\"  style=\"margin: 0 auto; color: hsla(141, 45%, 54%, 0); background-color: hsl(141, 85%, 26%);\"><\/i><\/div><\/div><\/div><div class=\"x-feature-box-content \"><h4 class=\"x-feature-box-title\">Usor<\/h4><p class=\"x-feature-box-text\">\n<h5>Pentru monitorizarea eficient\u0103 a costurilor de \u00eencredere \u0219i de \u00eenregistrare alege Transcan Advance, industria standard de \u00eenregistrarea temperaturii care \u00eencorporeaz\u0103 ADR unic (Automatic zilnic\u0103 de \u00eenregistrare) Sistem. Transcan Advance include acum o serie de caracteri<\/p>\n<h5><\/p><\/div><\/li><li  class=\"x-feature-box left-text top-text cf\" style=\" max-width: none;\" data-x-element=\"feature_box\" data-x-params=\"{&quot;child&quot;:true,&quot;graphicAnimation&quot;:&quot;none&quot;,&quot;connectorAnimation&quot;:&quot;none&quot;,&quot;alignH&quot;:&quot;left&quot;,&quot;alignV&quot;:&quot;top&quot;}\" ><span class=\"x-feature-box-connector full\" style=\"font-size: 60px; left: 0; right: calc(100% - 60px); border-left: 1px dashed hsla(134, 90%, 56%, 0.42);\"><\/span><div class=\"x-feature-box-graphic circle \"><div class=\"x-feature-box-graphic-outer circle\" style=\" margin-right: 20px;\"><div class=\"x-feature-box-graphic-inner circle\" style=\"font-size: 60px;\"><i class=\"x-icon-bicycle circle\" data-x-icon-s=\"&#xf206;\"  style=\"margin: 0 auto; color: hsla(0, 0%, 0%, 0); background-color: hsl(141, 85%, 26%);\"><\/i><\/div><\/div><\/div><div class=\"x-feature-box-content \"><h4 class=\"x-feature-box-title\">Certificat<\/h4><p class=\"x-feature-box-text\">\n<h5>Aparate de \u00eenregistrat Transcan Advance au fost testate \u0219i aprobate \u00eempotriva EN 12830 norma pentru sistemele de \u00eenregistrare a temperaturii vehiculului \u0219i sunt certificate ca un dispozitiv din clasa 1. Aceasta este cea mai \u00eenalt\u0103 clasificare de performan\u021b\u0103 care pot fi acordate. \u00cen plus recordere Transcan Advance au \u00eendeplinit cerin\u021bele din interpretarea german\u0103 a CEE Directiva 92\/1 \/ EWG \u0219i au primit certificarea de c\u0103tre german de testare Casa TUV Bau-und Betriebstechnik.<\/p>\n<h5><\/p><\/div><\/li><li  class=\"x-feature-box left-text top-text cf\" style=\" max-width: none;\" data-x-element=\"feature_box\" data-x-params=\"{&quot;child&quot;:true,&quot;graphicAnimation&quot;:&quot;none&quot;,&quot;connectorAnimation&quot;:&quot;none&quot;,&quot;alignH&quot;:&quot;left&quot;,&quot;alignV&quot;:&quot;top&quot;}\" ><span class=\"x-feature-box-connector full\" style=\"font-size: 60px; left: 0; right: calc(100% - 60px); border-left: 1px dashed hsla(134, 90%, 56%, 0.42);\"><\/span><div class=\"x-feature-box-graphic circle \"><div class=\"x-feature-box-graphic-outer circle\" style=\" margin-right: 20px;\"><div class=\"x-feature-box-graphic-inner circle\" style=\"font-size: 60px;\"><i class=\"x-icon-envelope-o circle\" data-x-icon-o=\"&#xf0e0;\"  style=\"margin: 0 auto; color: hsla(0, 0%, 0%, 0); background-color: hsl(141, 85%, 26%);\"><\/i><\/div><\/div><\/div><div class=\"x-feature-box-content \"><h4 class=\"x-feature-box-title\">Multilingual<\/h4><p class=\"x-feature-box-text\">\n<h5>Recordere Transcan Advance include posibilitatea de a selecta limba de operare (englez\u0103, francez\u0103, german\u0103, spaniol\u0103, italian\u0103 portughez\u0103, polonez\u0103 sau olandez\u0103), cu un sistem unic de ajutor \u00een-a construit, acest lucru face ca Transcan singura mai multe limbi de sine a temperaturii document\u0103rii recorder.<\/p>\n<h5><\/p><\/div><\/li><li  class=\"x-feature-box left-text top-text cf\" style=\" max-width: none;\" data-x-element=\"feature_box\" data-x-params=\"{&quot;child&quot;:true,&quot;graphicAnimation&quot;:&quot;none&quot;,&quot;connectorAnimation&quot;:&quot;none&quot;,&quot;alignH&quot;:&quot;left&quot;,&quot;alignV&quot;:&quot;top&quot;}\" ><span class=\"x-feature-box-connector full\" style=\"font-size: 60px; left: 0; right: calc(100% - 60px); border-left: 1px dashed hsla(134, 90%, 56%, 0.42);\"><\/span><div class=\"x-feature-box-graphic circle \"><div class=\"x-feature-box-graphic-outer circle\" style=\" margin-right: 20px;\"><div class=\"x-feature-box-graphic-inner circle\" style=\"font-size: 60px;\"><i class=\"x-icon-snowflake circle\" data-x-icon-s=\"&#xf2dc;\"  style=\"margin: 0 auto; color: hsla(0, 0%, 0%, 0); background-color: hsl(141, 85%, 26%);\"><\/i><\/div><\/div><\/div><div class=\"x-feature-box-content \"><h4 class=\"x-feature-box-title\">Intr\u0103ri & Sonde<\/h4><p class=\"x-feature-box-text\">\n<h5>Transcan Advance suport\u0103 p\u00e2n\u0103 la 8 intr\u0103ri de temperatur\u0103 separate de senzori termistor NTC de precizie. Fiecare intrare este caracterizat\u0103 de func\u021bionare \u00eentre -45C \u0219i + 50C. Pute\u021bi ad\u0103uga, de asemenea, p\u00e2n\u0103 la 8 intr\u0103ri de comutare, cum ar fi \u00eentrerup\u0103toare de u\u0219\u0103, decongelare, frigider pornit \/ oprit sau alarme.  Senzorii sunt disponibile cu lungimi de cablu de p\u00e2n\u0103 la 18 metri \u0219i sunt pe deplin interschimbabile. Pentru a respecta cerin\u021bele de igien\u0103 alimentare Amendamentul Regulamentele UK fiecare senzor termistor Transcan are un r\u0103spuns termic umed (T90 de aproximativ 8 minute).  Senzorii op\u021bionali temperatura sonda de produse sunt disponibile \u00een dou\u0103 formate. O sond\u0103 de inser\u021bie care este rotunjit cu un cap\u0103t semi-ascu\u021bit, utilizat \u00een mod normal pentru introducerea direct\u0103 \u00een produse, cum ar fi carcase de carne \u0219i un pachet \u00eentre sond\u0103 care este aplatizat pentru a permite introducerea \u00eentre cutii sau cutii cu produse alimentare  Sonde de produse au un timp de r\u0103spuns mai rapid dec\u00e2t senzorii de temperatur\u0103 a aerului (T90 de aproximativ 1 minut) \u0219i sunt avantajoase pentru operatorii de vehicule de livrare Multidrop unde temperatura aerului de detectare in sine nu poate furniza o indica\u021bie semnificativ\u0103 a temperaturii produsului.<\/p>\n<h5><\/p><\/div><\/li><\/ul><\/div>\n\n<div class=\"e134-27 x-column x-sm x-1-3\" >\n    \n<hr class=\"e134-28 x-line\" >\n\n<span class=\"e134-29 x-image\" >\n  <img alt=\"Image\" src=\"https:\/\/transcan.ro\/wp-content\/uploads\/2019\/08\/pharmaceuticial-logisitics-thin.jpg-developed-.jpg\" width=\"304\" height=\"584\" >\n<\/span>\n<ul class=\"x-ul-icons\"  ><\/ul><h6 class=\"h-skill-bar\">&lt;font color=&quot;Green&quot;&gt;PIB-UL DE VALIDARE<\/h6><div  class=\"x-skill-bar\" data-x-element=\"skill_bar\" data-x-params=\"{&quot;percent&quot;:&quot;100%&quot;}\" ><div class=\"bar\" style=\" background-color: hsl(141, 85%, 26%);\"><div class=\"percent\">100%<\/div><\/div><\/div><h6 class=\"h-skill-bar\">&lt;font color=&quot;Green&quot;&gt;EN 12830 VERIFICATE<\/h6><div  class=\"x-skill-bar\" data-x-element=\"skill_bar\" data-x-params=\"{&quot;percent&quot;:&quot;100%&quot;}\" ><div class=\"bar\" style=\" background-color: hsl(141, 85%, 26%);\"><div class=\"percent\">100%<\/div><\/div><\/div><h6 class=\"h-skill-bar\">&lt;font color=&quot;Green&quot;&gt;GAMP 5 COMPATIBIL<\/h6><div  class=\"x-skill-bar\" data-x-element=\"skill_bar\" data-x-params=\"{&quot;percent&quot;:&quot;100%&quot;}\" ><div class=\"bar\" style=\" background-color: hsl(141, 85%, 26%);\"><div class=\"percent\">100%<\/div><\/div><\/div><h6 class=\"h-skill-bar\">&lt;font color=&quot;Green&quot;&gt;GAMP 5 COMPATIBIL<\/h6><div  class=\"x-skill-bar\" data-x-element=\"skill_bar\" data-x-params=\"{&quot;percent&quot;:&quot;100%&quot;}\" ><div class=\"bar\" style=\" background-color: hsl(141, 85%, 26%);\"><div class=\"percent\">100%<\/div><\/div><\/div><h6 class=\"h-skill-bar\">&lt;font color=&quot;Green&quot;&gt;DE PROTEC\u021aIE A EFICACIT\u0102\u021aII<\/h6><div  class=\"x-skill-bar\" data-x-element=\"skill_bar\" data-x-params=\"{&quot;percent&quot;:&quot;100%&quot;}\" ><div class=\"bar\" style=\" background-color: hsl(141, 85%, 26%);\"><div class=\"percent\">100%<\/div><\/div><\/div><\/div>\n<\/div>\n  <\/div>\n<\/div>\n","protected":false},"excerpt":{"rendered":"Transcan\u00ae Transcan\u00ae Pharma + este un \u00eenregistrator de date de temperatur\u0103 proiectat special pentru industria de distribu\u021bie farmaceutic\u0103 \u0219i cerin\u021ba PIB \u00een minte. Suport\u0103 p\u00e2n\u0103 la 8 intr\u0103ri de temperatur\u0103 separate de senzori termistor NTC de precizie. Fiecare intrare este caracterizat\u0103 de func\u021bionare \u00eentre -40 \u00b0 C \u0219i + 40 \u00b0 C. Pute\u021bi ad\u0103uga, de asemenea, p\u00e2n\u0103 la 7 intr\u0103ri ...","protected":false},"author":1,"featured_media":0,"parent":0,"menu_order":0,"comment_status":"closed","ping_status":"closed","template":"template-blank-1.php","meta":[],"yoast_head":"<!-- This site is optimized with the Yoast SEO plugin v15.3 - https:\/\/yoast.com\/wordpress\/plugins\/seo\/ -->\n<title>Transcan\u00ae Pharma + Logger Temperatura Date - Transcan<\/title>\n<meta name=\"robots\" content=\"index, follow, max-snippet:-1, max-image-preview:large, max-video-preview:-1\" \/>\n<link rel=\"canonical\" href=\"https:\/\/transcan.ro\/?page_id=134\" \/>\n<meta property=\"og:locale\" content=\"ro_RO\" \/>\n<meta property=\"og:type\" content=\"article\" \/>\n<meta property=\"og:title\" content=\"Transcan\u00ae Pharma + Logger Temperatura Date - Transcan\" \/>\n<meta property=\"og:url\" content=\"https:\/\/transcan.ro\/?page_id=134\" \/>\n<meta property=\"og:site_name\" content=\"Transcan\" \/>\n<meta property=\"article:modified_time\" content=\"2019-08-23T21:40:15+00:00\" \/>\n<meta name=\"twitter:card\" content=\"summary_large_image\" \/>\n<meta name=\"twitter:label1\" content=\"Scris de\">\n\t<meta name=\"twitter:data1\" content=\"admin\">\n\t<meta name=\"twitter:label2\" content=\"Timp estimat pentru citire\">\n\t<meta name=\"twitter:data2\" content=\"3 minute\">\n<script type=\"application\/ld+json\" class=\"yoast-schema-graph\">{\"@context\":\"https:\/\/schema.org\",\"@graph\":[{\"@type\":\"WebSite\",\"@id\":\"https:\/\/transcan.ro\/#website\",\"url\":\"https:\/\/transcan.ro\/\",\"name\":\"Transcan\",\"description\":\"Masurarea Temperaturii\",\"potentialAction\":[{\"@type\":\"SearchAction\",\"target\":\"https:\/\/transcan.ro\/?s={search_term_string}\",\"query-input\":\"required name=search_term_string\"}],\"inLanguage\":\"ro-RO\"},{\"@type\":\"WebPage\",\"@id\":\"https:\/\/transcan.ro\/?page_id=134#webpage\",\"url\":\"https:\/\/transcan.ro\/?page_id=134\",\"name\":\"Transcan\\u00ae Pharma + Logger Temperatura Date - Transcan\",\"isPartOf\":{\"@id\":\"https:\/\/transcan.ro\/#website\"},\"datePublished\":\"2019-08-23T21:22:51+00:00\",\"dateModified\":\"2019-08-23T21:40:15+00:00\",\"inLanguage\":\"ro-RO\",\"potentialAction\":[{\"@type\":\"ReadAction\",\"target\":[\"https:\/\/transcan.ro\/?page_id=134\"]}]}]}<\/script>\n<!-- \/ Yoast SEO plugin. -->","_links":{"self":[{"href":"https:\/\/transcan.ro\/index.php?rest_route=\/wp\/v2\/pages\/134"}],"collection":[{"href":"https:\/\/transcan.ro\/index.php?rest_route=\/wp\/v2\/pages"}],"about":[{"href":"https:\/\/transcan.ro\/index.php?rest_route=\/wp\/v2\/types\/page"}],"author":[{"embeddable":true,"href":"https:\/\/transcan.ro\/index.php?rest_route=\/wp\/v2\/users\/1"}],"replies":[{"embeddable":true,"href":"https:\/\/transcan.ro\/index.php?rest_route=%2Fwp%2Fv2%2Fcomments&post=134"}],"version-history":[{"count":2,"href":"https:\/\/transcan.ro\/index.php?rest_route=\/wp\/v2\/pages\/134\/revisions"}],"predecessor-version":[{"id":138,"href":"https:\/\/transcan.ro\/index.php?rest_route=\/wp\/v2\/pages\/134\/revisions\/138"}],"wp:attachment":[{"href":"https:\/\/transcan.ro\/index.php?rest_route=%2Fwp%2Fv2%2Fmedia&parent=134"}],"curies":[{"name":"wp","href":"https:\/\/api.w.org\/{rel}","templated":true}]}}