{"id":53,"date":"2019-08-22T10:00:20","date_gmt":"2019-08-22T10:00:20","guid":{"rendered":"https:\/\/transcan.ro\/?page_id=53"},"modified":"2020-06-11T09:22:08","modified_gmt":"2020-06-11T06:22:08","slug":"home","status":"publish","type":"page","link":"https:\/\/transcan.ro\/","title":{"rendered":"Home"},"content":{"rendered":"<div id=\"cs-content\" class=\"cs-content\" >\n<div class=\"e53-1 x-section\" >\n      \n<div class=\"e53-2 x-container max width\" >\n    \n<div class=\"e53-3 x-column x-sm x-1-3\" >\n    <div class=\"x-text\"  ><h4>\n<p><span style=\"color: #000000;\"><strong>TRANSCAN <\/strong><\/span><span style=\"color: #000000;\"><strong>Inregistratoare de Temperatura<\/strong><\/span><\/p>\n<h4>\n<\/div><ul  class=\"x-feature-list\"  data-x-element=\"feature_list\" data-x-params=\"{&quot;animationOffset&quot;:&quot;50&quot;,&quot;animationDelayInitial&quot;:&quot;0&quot;,&quot;animationDelayBetween&quot;:&quot;300&quot;}\" ><li  class=\"x-feature-box left-text top-text cf\" style=\" max-width: none;\" data-x-element=\"feature_box\" data-x-params=\"{&quot;child&quot;:true,&quot;graphicAnimation&quot;:&quot;none&quot;,&quot;connectorAnimation&quot;:&quot;none&quot;,&quot;alignH&quot;:&quot;left&quot;,&quot;alignV&quot;:&quot;top&quot;}\" ><span class=\"x-feature-box-connector full\" style=\"font-size: 60px; left: 0; right: calc(100% - 60px); border-left: 1px dashed #272727;\"><\/span><div class=\"x-feature-box-graphic circle \"><div class=\"x-feature-box-graphic-outer circle\" style=\" margin-right: 20px;\"><div class=\"x-feature-box-graphic-inner circle\" style=\"font-size: 60px;\"><i class=\"x-icon-snowflake circle\" data-x-icon-s=\"&#xf2dc;\"  style=\"margin: 0 auto; color: hsl(0, 0%, 0%); background-color: hsl(0, 0%, 0%);\"><\/i><\/div><\/div><\/div><div class=\"x-feature-box-content \"><h4 class=\"x-feature-box-title\">Temperatura<\/h4><p class=\"x-feature-box-text\" style=\"color: hsl(0, 0%, 0%);\">P\u00e2n\u0103 la 8 senzori de temperatur\u0103 pentru monitorizarea temperaturii, cu vizibilitate complet\u0103<\/p><\/div><\/li><li  class=\"x-feature-box left-text top-text cf\" style=\" max-width: none;\" data-x-element=\"feature_box\" data-x-params=\"{&quot;child&quot;:true,&quot;graphicAnimation&quot;:&quot;none&quot;,&quot;connectorAnimation&quot;:&quot;none&quot;,&quot;alignH&quot;:&quot;left&quot;,&quot;alignV&quot;:&quot;top&quot;}\" ><span class=\"x-feature-box-connector full\" style=\"font-size: 60px; left: 0; right: calc(100% - 60px); border-left: 1px dashed #272727;\"><\/span><div class=\"x-feature-box-graphic circle \"><div class=\"x-feature-box-graphic-outer circle\" style=\" margin-right: 20px;\"><div class=\"x-feature-box-graphic-inner circle\" style=\"font-size: 60px;\"><i class=\"x-icon-bicycle circle\" data-x-icon-s=\"&#xf206;\"  style=\"margin: 0 auto; color: hsl(0, 0%, 0%); background-color: hsl(0, 0%, 0%);\"><\/i><\/div><\/div><\/div><div class=\"x-feature-box-content \"><h4 class=\"x-feature-box-title\">Monitorizare<\/h4><p class=\"x-feature-box-text\" style=\"color: hsl(0, 0%, 0%);\">P\u00e2n\u0103 la 8 intr\u0103ri de monitorizare individuale: deschideri usi, decongelare, functionare agregat frigorific, si alte intrari definite de utilizator<\/p><\/div><\/li><li  class=\"x-feature-box left-text top-text cf\" style=\" max-width: none;\" data-x-element=\"feature_box\" data-x-params=\"{&quot;child&quot;:true,&quot;graphicAnimation&quot;:&quot;none&quot;,&quot;connectorAnimation&quot;:&quot;none&quot;,&quot;alignH&quot;:&quot;left&quot;,&quot;alignV&quot;:&quot;top&quot;}\" ><span class=\"x-feature-box-connector full\" style=\"font-size: 60px; left: 0; right: calc(100% - 60px); border-left: 1px dashed #272727;\"><\/span><div class=\"x-feature-box-graphic circle \"><div class=\"x-feature-box-graphic-outer circle\" style=\" margin-right: 20px;\"><div class=\"x-feature-box-graphic-inner circle\" style=\"font-size: 60px;\"><i class=\"x-icon-envelope-o circle\" data-x-icon-o=\"&#xf0e0;\"  style=\"margin: 0 auto; color: hsl(0, 0%, 0%); background-color: hsl(0, 0%, 0%);\"><\/i><\/div><\/div><\/div><div class=\"x-feature-box-content \"><h4 class=\"x-feature-box-title\">Vizibilitate<\/h4><p class=\"x-feature-box-text\" style=\"color: hsl(0, 0%, 0%);\">Imprimare bonuri de livrare, bonuri de transport \u0219i pentru mai multe zile. Port USB pentru descarcarea datelor.<\/p><\/div><\/li><\/ul>\n<a class=\"e53-9 x-anchor x-anchor-button\" tabindex=\"0\" href=\"#\" >\n\n  \n  <div class=\"x-anchor-content\">\n        <div class=\"x-anchor-text\"><span class=\"x-anchor-text-primary\" >Mai Multe Informatii<\/span><\/div>      <\/div>\n\n    \n  \n<\/a>\n<\/div>\n\n<div class=\"e53-10 x-column x-sm x-2-3\" >\n    \n<span class=\"e53-11 x-image\" >\n  <img alt=\"Noi m\u00e2ndrie fabricarea logger de temperatura Transcan\u00ae din baza noastr\u0103 din Marea Britanie, f\u0103r\u0103 \u00eendoial\u0103, dispozitiv de monitorizare a temperaturii de transport rutier utilizate cel mai larg din lume.\" src=\"https:\/\/transcan.ro\/wp-content\/uploads\/2019\/08\/Trio-Shadow-web.png\" width=\"716\" height=\"396\" >\n<\/span>\n\n<hr class=\"e53-12 x-line\" >\n<div class=\"x-text cs-ta-center\"  ><p><span style=\"color: #000000;\">Inregistratoarele de temperatura Transcan, fabricate in Marea Britanie, sunt f\u0103r\u0103 \u00eendoial\u0103, cele mai vandute dispozitive de monitorizare a temperaturii pentru transporturile rutiere.<\/span><\/p>\n<h6><\/h6>\n<\/div>\n<div class=\"e53-14 x-text\" >\n  <p><strong>Acum, sunt mai mult de<\/strong><\/p><\/div>\n\n<div class=\"e53-15 x-counter\" data-x-element=\"counter\" data-x-params=\"{&quot;numStart&quot;:&quot;0&quot;,&quot;numEnd&quot;:&quot;250145&quot;,&quot;numSpeed&quot;:&quot;1.5s&quot;,&quot;selector&quot;:&quot;.x-counter-number&quot;}\" >\n  <div class=\"x-counter-number-wrap\"><span class=\"x-counter-number\">0<\/span><\/div><\/div>\n\n<div class=\"e53-16 x-text\" >\n  <p><strong>Inregistratoare Transcan pe soselele lumii<\/strong><\/p><\/div>\n<\/div>\n<\/div>\n  <\/div>\n\n<div class=\"e53-17 x-section\" >\n      \n<div class=\"e53-18 x-container\" >\n    \n<div class=\"e53-19 x-column x-sm x-1-1\" >\n    \n<div class=\"e53-20 x-frame x-frame-video-embed\" >\n  <div class=\"x-frame-inner\">\n    \n<div class=\"e53-20 x-video x-video-embed\" >\n  <iframe src=\"https:\/\/player.vimeo.com\/video\/239992399\" width=\"640\" height=\"360\" frameborder=\"0\" allow=\"autoplay; fullscreen\" allowfullscreen><\/iframe>\n<p><a href=\"https:\/\/vimeo.com\/239992399\">Transcan Advance<\/a> from <a href=\"https:\/\/vimeo.com\/user49236809\">Seven Telematics<\/a> on <a href=\"https:\/\/vimeo.com\">Vimeo<\/a>.<\/p><\/div>\n  <\/div>\n<\/div>\n<\/div>\n<\/div>\n  <\/div>\n\n<div class=\"e53-21 x-section\" >\n      \n<div class=\"e53-22 x-container max width\" >\n    \n<div class=\"e53-23 x-column x-sm x-1-1\" >\n    \n<div class=\"e53-24 x-text x-text-headline\" >\n  <div class=\"x-text-content\"><div class=\"x-text-content-text\"><h4 class=\"x-text-content-text-primary\"><p>Domenii deservite<\/p><\/h4><\/div><\/div><\/div>\n\n<hr class=\"e53-25 x-line\" >\n<\/div>\n<\/div>\n\n<div class=\"e53-26 x-container max width\" >\n    \n<div class=\"e53-27 x-column x-sm x-1-4\" >\n    \n<span class=\"e53-28 x-image\" >\n  <img alt=\"Image\" src=\"https:\/\/transcan.ro\/wp-content\/uploads\/2019\/08\/Frozen-Chilled.jpg\" width=\"261\" height=\"157\" >\n<\/span>\n\n<hr class=\"e53-29 x-line\" >\n\n<div class=\"e53-30 x-text\" >\n  <p style=\"text-align: center;\"><span style=\"color: #000000;\"><b>Alimente <\/b><b>Congelate si Refrigerate<\/b><\/span><\/p>\n<p><span style=\"color: #000000;\">&Icirc;nregistratoarele noastre sunt conforme cu <strong>EN12830, EN13485 SI EN13486<\/strong>, ajut&acirc;nd clientii nostri sa respecte <strong>Regulamentele 2007 Asupra Marfurilor Congelate Rapid<\/strong> si sa urmeze Sistemul <strong>HACCP<\/strong> de Management al Sigurantei Alimentelor.<\/span><\/p><\/div>\n\n<a class=\"e53-31 x-anchor x-anchor-button\" tabindex=\"0\" href=\"https:\/\/transcan.ro\/?page_id=179\" >\n\n  \n  <div class=\"x-anchor-content\">\n        <div class=\"x-anchor-text\"><span class=\"x-anchor-text-primary\" >Mai Multe  \u27a4<\/span><\/div>      <\/div>\n\n    \n  \n<\/a>\n<\/div>\n\n<div class=\"e53-32 x-column x-sm x-1-4\" >\n    \n<span class=\"e53-33 x-image\" >\n  <img alt=\"Image\" src=\"https:\/\/transcan.ro\/wp-content\/uploads\/2019\/08\/Pharmacy-website.jpg\" width=\"261\" height=\"157\" >\n<\/span>\n\n<hr class=\"e53-34 x-line\" >\n\n<div class=\"e53-35 x-text\" >\n  <p><strong>Logistica Farmaceutice<\/strong><\/p>\n<p>Este esential ca produsele farmaceutice sa isi mentina eficacitatea pe toata durata transportului. De aceea, &icirc;nregistratoarele noastre de temperatura joaca un rol important in a ajuta clientii nostri sa respecte indrumarile <strong>MIHRA 2015 GDP.<\/strong><\/p><\/div>\n\n<a class=\"e53-36 x-anchor x-anchor-button\" tabindex=\"0\" href=\"#\" >\n\n  \n  <div class=\"x-anchor-content\">\n        <div class=\"x-anchor-text\"><span class=\"x-anchor-text-primary\" >Mai Multe  \u27a4<\/span><\/div>      <\/div>\n\n    \n  \n<\/a>\n<\/div>\n\n<div class=\"e53-37 x-column x-sm x-1-4\" >\n    \n<span class=\"e53-38 x-image\" >\n  <img alt=\"Image\" src=\"https:\/\/transcan.ro\/wp-content\/uploads\/2019\/08\/cold-store-website.png\" width=\"261\" height=\"157\" >\n<\/span>\n\n<hr class=\"e53-39 x-line\" >\n\n<div class=\"e53-40 x-text\" >\n  <p><b>Depozite Frigorifice&nbsp;<\/b><\/p>\n<p>Jocurile Olimpice, Jocurile Paralimpice, Ryder Cup, F1, \u0219i cursele de cai Burghley sunt doar c&acirc;teva evenimente care folosesc &icirc;n mod regulat &icirc;nregistratoarele de temperatura Transcan, &icirc;mpreun\u0103 cu sistemul SevenEye pentru a monitoriza livr\u0103rile critice de temperatur\u0103 \u0219i de depozitare.<\/p><\/div>\n\n<a class=\"e53-41 x-anchor x-anchor-button\" tabindex=\"0\" href=\"https:\/\/transcan.ro\/?page_id=179\" >\n\n  \n  <div class=\"x-anchor-content\">\n        <div class=\"x-anchor-text\"><span class=\"x-anchor-text-primary\" >Mai Multe  \u27a4<\/span><\/div>      <\/div>\n\n    \n  \n<\/a>\n<\/div>\n\n<div class=\"e53-42 x-column x-sm x-1-4\" >\n    \n<span class=\"e53-43 x-image\" >\n  <img alt=\"Image\" src=\"https:\/\/transcan.ro\/wp-content\/uploads\/2019\/08\/Horse-website.jpg\" width=\"261\" height=\"157\" >\n<\/span>\n\n<hr class=\"e53-44 x-line\" >\n\n<div class=\"e53-45 x-text\" >\n  <p><strong>Cresterea animalelor <\/strong><\/p>\n<p>Inregistratoarele noastre sunt aprobate conform <strong>DEFRA (CE No1 \/ 2005)<\/strong>, asigurand astfel c\u0103&nbsp; transporturile de animale si cele ecvestre vor pastra temperatura corect\u0103 pe tot parcursul c\u0103l\u0103toriei lor \u0219i vor respecta prevederile legale pentru transportul de animale vii.<\/p><\/div>\n\n<a class=\"e53-46 x-anchor x-anchor-button\" tabindex=\"0\" href=\"https:\/\/transcan.ro\/?page_id=179\" >\n\n  \n  <div class=\"x-anchor-content\">\n        <div class=\"x-anchor-text\"><span class=\"x-anchor-text-primary\" >Mai Multe  \u27a4<\/span><\/div>      <\/div>\n\n    \n  \n<\/a>\n<\/div>\n<\/div>\n  <\/div>\n<\/div>\n","protected":false},"excerpt":{"rendered":"<p>TRANSCAN Inregistratoare de Temperatura TemperaturaP\u00e2n\u0103 la 8 senzori de temperatur\u0103 pentru monitorizarea temperaturii, cu vizibilitate complet\u0103MonitorizareP\u00e2n\u0103 la 8 intr\u0103ri de monitorizare individuale: deschideri usi, decongelare, functionare agregat frigorific, si alte intrari definite de utilizatorVizibilitateImprimare bonuri de livrare, bonuri de transport \u0219i pentru mai multe zile. Port USB pentru descarcarea datelor. Mai Multe Informatii Inregistratoarele de temperatura Transcan, fabricate in Marea &#8230;<\/p>\n","protected":false},"author":1,"featured_media":0,"parent":0,"menu_order":0,"comment_status":"closed","ping_status":"closed","template":"template-blank-1.php","meta":[],"yoast_head":"<!-- This site is optimized with the Yoast SEO plugin v15.3 - https:\/\/yoast.com\/wordpress\/plugins\/seo\/ -->\n<title>Home - Transcan<\/title>\n<meta name=\"robots\" content=\"index, follow, max-snippet:-1, max-image-preview:large, max-video-preview:-1\" \/>\n<link rel=\"canonical\" href=\"https:\/\/transcan.ro\/\" \/>\n<meta property=\"og:locale\" content=\"ro_RO\" \/>\n<meta property=\"og:type\" content=\"article\" \/>\n<meta property=\"og:title\" content=\"Home - Transcan\" \/>\n<meta property=\"og:description\" content=\"TRANSCAN Inregistratoare de Temperatura TemperaturaP\u00e2n\u0103 la 8 senzori de temperatur\u0103 pentru monitorizarea temperaturii, cu vizibilitate complet\u0103MonitorizareP\u00e2n\u0103 la 8 intr\u0103ri de monitorizare individuale: deschideri usi, decongelare, functionare agregat frigorific, si alte intrari definite de utilizatorVizibilitateImprimare bonuri de livrare, bonuri de transport \u0219i pentru mai multe zile. Port USB pentru descarcarea datelor. Mai Multe Informatii Inregistratoarele de temperatura Transcan, fabricate in Marea ...\" \/>\n<meta property=\"og:url\" content=\"https:\/\/transcan.ro\/\" \/>\n<meta property=\"og:site_name\" content=\"Transcan\" \/>\n<meta property=\"article:modified_time\" content=\"2020-06-11T06:22:08+00:00\" \/>\n<meta property=\"og:image\" content=\"https:\/\/transcan.ro\/wp-content\/uploads\/2019\/08\/Trio-Shadow-web.png\" \/>\n<meta name=\"twitter:card\" content=\"summary_large_image\" \/>\n<meta name=\"twitter:label1\" content=\"Scris de\">\n\t<meta name=\"twitter:data1\" content=\"admin\">\n\t<meta name=\"twitter:label2\" content=\"Timp estimat pentru citire\">\n\t<meta name=\"twitter:data2\" content=\"3 minute\">\n<script type=\"application\/ld+json\" class=\"yoast-schema-graph\">{\"@context\":\"https:\/\/schema.org\",\"@graph\":[{\"@type\":\"WebSite\",\"@id\":\"https:\/\/transcan.ro\/#website\",\"url\":\"https:\/\/transcan.ro\/\",\"name\":\"Transcan\",\"description\":\"Masurarea Temperaturii\",\"potentialAction\":[{\"@type\":\"SearchAction\",\"target\":\"https:\/\/transcan.ro\/?s={search_term_string}\",\"query-input\":\"required name=search_term_string\"}],\"inLanguage\":\"ro-RO\"},{\"@type\":\"ImageObject\",\"@id\":\"https:\/\/transcan.ro\/#primaryimage\",\"inLanguage\":\"ro-RO\",\"url\":\"https:\/\/transcan.ro\/wp-content\/uploads\/2019\/08\/Trio-Shadow-web.png\",\"width\":716,\"height\":396},{\"@type\":\"WebPage\",\"@id\":\"https:\/\/transcan.ro\/#webpage\",\"url\":\"https:\/\/transcan.ro\/\",\"name\":\"Home - Transcan\",\"isPartOf\":{\"@id\":\"https:\/\/transcan.ro\/#website\"},\"primaryImageOfPage\":{\"@id\":\"https:\/\/transcan.ro\/#primaryimage\"},\"datePublished\":\"2019-08-22T10:00:20+00:00\",\"dateModified\":\"2020-06-11T06:22:08+00:00\",\"inLanguage\":\"ro-RO\",\"potentialAction\":[{\"@type\":\"ReadAction\",\"target\":[\"https:\/\/transcan.ro\/\"]}]}]}<\/script>\n<!-- \/ Yoast SEO plugin. -->","_links":{"self":[{"href":"https:\/\/transcan.ro\/index.php?rest_route=\/wp\/v2\/pages\/53"}],"collection":[{"href":"https:\/\/transcan.ro\/index.php?rest_route=\/wp\/v2\/pages"}],"about":[{"href":"https:\/\/transcan.ro\/index.php?rest_route=\/wp\/v2\/types\/page"}],"author":[{"embeddable":true,"href":"https:\/\/transcan.ro\/index.php?rest_route=\/wp\/v2\/users\/1"}],"replies":[{"embeddable":true,"href":"https:\/\/transcan.ro\/index.php?rest_route=%2Fwp%2Fv2%2Fcomments&post=53"}],"version-history":[{"count":43,"href":"https:\/\/transcan.ro\/index.php?rest_route=\/wp\/v2\/pages\/53\/revisions"}],"predecessor-version":[{"id":849,"href":"https:\/\/transcan.ro\/index.php?rest_route=\/wp\/v2\/pages\/53\/revisions\/849"}],"wp:attachment":[{"href":"https:\/\/transcan.ro\/index.php?rest_route=%2Fwp%2Fv2%2Fmedia&parent=53"}],"curies":[{"name":"wp","href":"https:\/\/api.w.org\/{rel}","templated":true}]}}