{"id":893,"date":"2021-03-02T14:03:10","date_gmt":"2021-03-02T12:03:10","guid":{"rendered":"https:\/\/transcan.ro\/?page_id=893"},"modified":"2021-03-09T17:08:14","modified_gmt":"2021-03-09T15:08:14","slug":"domenii-deservite-2","status":"publish","type":"page","link":"https:\/\/transcan.ro\/?page_id=893","title":{"rendered":"Domenii Deservite"},"content":{"rendered":"\n<h2 class=\"tw-data-text tw-text-large XcVN5d tw-ta\" id=\"tw-target-text\"><span lang=\"ro\">Alimente congelate \u0219i refrigerate <\/span><\/h2>\n\n\n\n<h4 class=\"tw-data-text tw-text-large XcVN5d tw-ta\"><span lang=\"ro\">\u00centreprinderile se confrunt\u0103 cu presiuni din ce \u00een ce mai mari pentru a \u00eendeplini cerin\u021bele legale stricte ale UE, precum \u0219i cereri intense la timp. Pia\u021ba de consum cre\u0219te at\u00e2t \u00een \u200b\u200bdimensiune, c\u00e2t \u0219i \u00een a\u0219tept\u0103ri. Cu gusturi mai largi \u0219i o genera\u021bie bazat\u0103 pe tehnologie, proviziile pentru produsele \u201enon-sezoniere\u201d s-au intensificat \u0219i au pus noi presiuni \u0219i provoc\u0103ri asupra distribu\u021biei. Pia\u021ba solicit\u0103 calitate \u00een toate sectoarele de pre\u021b \u0219i mai presus de toate siguran\u021ba. Siguran\u021ba \u0219i igiena alimentelor conduc taxa \u0219i, prin urmare, furnizarea de produse congelate \u0219i refrigerate de \u00eenalt\u0103 calitate la timp \u0219i la temperatura potrivit\u0103 poate fi o sarcin\u0103 dificil\u0103 f\u0103r\u0103 instrumentele corecte. <\/span><\/h4>\n\n\n\n<h4 class=\"tw-data-text tw-text-large XcVN5d tw-ta\"><span lang=\"ro\">Indiferent dac\u0103 este vorba de transport cu remorci, de livr\u0103ri cu mai multe c\u0103dere de la camioane rigide sau de livr\u0103ri la u\u0219\u0103 cu furgonet\u0103 cu panou. Constr\u00e2ngerile devin mai mari de la an al an. Toate aceste aplica\u021bii au idiosincrazii specifice care trebuie s\u0103 fie adaptate pentru a ob\u021bine performan\u021be optime \u00een ferestrele de livrare.<\/span><\/h4>\n\n\n\n<h4 class=\"tw-data-text tw-text-large XcVN5d tw-ta\"><span lang=\"ro\">Industria congelat\u0103 \u0219i refrigerat\u0103 a modelat cele mai bune practici moderne pentru transportul produselor legate de temperatur\u0103, cum ar fi re\u021beaua emergent\u0103 de distribu\u021bie farmaceutic\u0103.<\/span><\/h4>\n\n\n\n<h4 class=\"tw-data-text tw-text-large XcVN5d tw-ta\"><span lang=\"ro\">Combinarea solu\u021biei noastre de urm\u0103rire a vehiculului cu un \u00eenregistrator de date de temperatur\u0103 Transcan aprobat EN12830 ajut\u0103 la asigurarea satisfac\u021biei clien\u021bilor, reduc\u00e2nd \u00een acela\u0219i timp costurile de deteriorare sau returnare.<\/span><\/h4>\n\n\n\n<h4 class=\"tw-data-text tw-text-large XcVN5d tw-ta\"><span lang=\"ro\">Inregistratoarele de date Transcan ofer\u0103 trasabilitatea temperaturii totale pe tot parcursul lan\u021bului de frig \u0219i toate jurnalele de date ale temperaturii Transcan sunt aprobate EN12830.<\/span><\/h4>\n\n\n\n<figure class=\"wp-block-image size-full\"><img loading=\"lazy\" width=\"1891\" height=\"476\" src=\"https:\/\/transcan.ro\/wp-content\/uploads\/2021\/03\/peste-2.png\" alt=\"\" class=\"wp-image-916\" srcset=\"https:\/\/transcan.ro\/wp-content\/uploads\/2021\/03\/peste-2.png 1891w, https:\/\/transcan.ro\/wp-content\/uploads\/2021\/03\/peste-2-300x76.png 300w, https:\/\/transcan.ro\/wp-content\/uploads\/2021\/03\/peste-2-1024x258.png 1024w, https:\/\/transcan.ro\/wp-content\/uploads\/2021\/03\/peste-2-768x193.png 768w, https:\/\/transcan.ro\/wp-content\/uploads\/2021\/03\/peste-2-1536x387.png 1536w, https:\/\/transcan.ro\/wp-content\/uploads\/2021\/03\/peste-2-100x25.png 100w, https:\/\/transcan.ro\/wp-content\/uploads\/2021\/03\/peste-2-1200x302.png 1200w\" sizes=\"(max-width: 1891px) 100vw, 1891px\" \/><\/figure>\n\n\n\n<h2>Transport de animale<\/h2>\n\n\n\n<h4 class=\"tw-data-text tw-text-large XcVN5d tw-ta\"><span lang=\"ro\">Inregistratoarele de date Transcan sunt aprobate de DEFRA (CE nr. 1\/2005). Sistemul nostru Transcan asigur\u0103 faptul c\u0103 transportatorii de animale men\u021bin animalele la temperatura corect\u0103 pe parcursul c\u0103l\u0103toriei lor. Combina\u021bia dintre solu\u021bia noastr\u0103 de urm\u0103rire a vehiculului \u0219i Transcan ofer\u0103, de asemenea, statistici detaliate despre c\u0103l\u0103torie, asigur\u00e2nd faptul c\u0103 animalele sunt \u021binute \u00een tranzit pentru o perioad\u0103 minim\u0103 de timp.<\/span><\/h4>\n\n\n\n<figure class=\"wp-block-image size-full\"><img loading=\"lazy\" width=\"1896\" height=\"478\" src=\"https:\/\/transcan.ro\/wp-content\/uploads\/2021\/03\/vaca-1.png\" alt=\"\" class=\"wp-image-917\" srcset=\"https:\/\/transcan.ro\/wp-content\/uploads\/2021\/03\/vaca-1.png 1896w, https:\/\/transcan.ro\/wp-content\/uploads\/2021\/03\/vaca-1-300x76.png 300w, https:\/\/transcan.ro\/wp-content\/uploads\/2021\/03\/vaca-1-1024x258.png 1024w, https:\/\/transcan.ro\/wp-content\/uploads\/2021\/03\/vaca-1-768x194.png 768w, https:\/\/transcan.ro\/wp-content\/uploads\/2021\/03\/vaca-1-1536x387.png 1536w, https:\/\/transcan.ro\/wp-content\/uploads\/2021\/03\/vaca-1-100x25.png 100w, https:\/\/transcan.ro\/wp-content\/uploads\/2021\/03\/vaca-1-1200x303.png 1200w\" sizes=\"(max-width: 1896px) 100vw, 1896px\" \/><\/figure>\n\n\n\n<h2 class=\"tw-data-text tw-text-large XcVN5d tw-ta\" id=\"tw-target-text\"><span lang=\"ro\">Logistic\u0103 farmaceutic\u0103 <\/span><\/h2>\n\n\n\n<h4 class=\"tw-data-text tw-text-large XcVN5d tw-ta\"><span lang=\"ro\">Agen\u021bia de reglementare a medicamentelor \u0219i produselor medicale (MHRA) este responsabil\u0103 pentru reglementarea medicamentelor, dispozitivelor medicale \u0219i a componentelor sanguine din Marea Britanie. MHRA este, de asemenea, responsabil pentru dezvoltarea Cartei privind bunele practici de distribu\u021bie (PIB). PIB-ul este un sistem de garan\u021bie a calit\u0103\u021bii care include cerin\u021be pentru cump\u0103rarea, primirea, depozitarea \u0219i exportul de medicamente destinate consumului uman. <\/span><\/h4>\n\n\n\n<h4 class=\"tw-data-text tw-text-large XcVN5d tw-ta\"><span lang=\"ro\">Conform legisla\u021biei actuale \u00een vigoare, este responsabilitatea distribuitorului angro furnizor s\u0103 protejeze medicamentele aflate \u00een tranzit. Aceasta include prevenirea \u00eempotriva ruperilor, adulter\u0103rii \u0219i furtului. Cu toate acestea, problema cheie care afecteaz\u0103 longevitatea medicamentelor este temperatura advers\u0103. Folosind capabilit\u0103\u021bile avansate ale pachetului Transcan, putem atenua excursiile la temperatur\u0103, asigur\u00e2ndu-ne c\u0103 condi\u021biile dorite sunt men\u021binute \u00een timpul transportului. <\/span><\/h4>\n\n\n\n<h4 class=\"tw-data-text tw-text-large XcVN5d tw-ta\"><span lang=\"ro\">Este esen\u021bial ca produsele farmaceutice s\u0103 r\u0103m\u00e2n\u0103 \u00eentr-un mediu controlat stabil \u00een timpul transportului, datele noastre de \u00eenregistrare a temperaturii joac\u0103 un rol important \u00een asigurarea conformit\u0103\u021bii clien\u021bilor no\u0219tri, respectarea \u0219i dep\u0103\u0219irea liniilor directoare ale PIB-ului 2015 al MHRA. Combinat\u0103 cu platforma noastr\u0103 web de top, solu\u021bia noastr\u0103 integrat\u0103 poate oferi vizibilitate total\u0103 a lan\u021bului de aprovizionare.<\/span><\/h4>\n\n\n\n<figure class=\"wp-block-image size-full\"><img loading=\"lazy\" width=\"1892\" height=\"486\" src=\"https:\/\/transcan.ro\/wp-content\/uploads\/2021\/03\/seringi.png\" alt=\"\" class=\"wp-image-918\" srcset=\"https:\/\/transcan.ro\/wp-content\/uploads\/2021\/03\/seringi.png 1892w, https:\/\/transcan.ro\/wp-content\/uploads\/2021\/03\/seringi-300x77.png 300w, https:\/\/transcan.ro\/wp-content\/uploads\/2021\/03\/seringi-1024x263.png 1024w, https:\/\/transcan.ro\/wp-content\/uploads\/2021\/03\/seringi-768x197.png 768w, https:\/\/transcan.ro\/wp-content\/uploads\/2021\/03\/seringi-1536x395.png 1536w, https:\/\/transcan.ro\/wp-content\/uploads\/2021\/03\/seringi-100x26.png 100w, https:\/\/transcan.ro\/wp-content\/uploads\/2021\/03\/seringi-1200x308.png 1200w\" sizes=\"(max-width: 1892px) 100vw, 1892px\" \/><\/figure>\n\n\n\n<h2 class=\"tw-data-text tw-text-large XcVN5d tw-ta\" id=\"tw-target-text\"><span lang=\"ro\">Produse proaspete<\/span><\/h2>\n\n\n\n<h5 class=\"tw-data-text tw-text-large XcVN5d tw-ta\"><span lang=\"ro\">Produsele noastre sunt utilizate pentru a monitoriza rutele intense de livrare la domiciliu cu mai multe pic\u0103turi pentru lan\u021burile mari de supermarketuri din Marea Britanie. Acestea asigur\u0103 c\u0103 se ob\u021bine o eficien\u021b\u0103 maxim\u0103 at\u00e2t a echipamentului de rut\u0103, c\u00e2t \u0219i a celui frigorific.<\/span><\/h5>\n\n\n\n<figure class=\"wp-block-image size-full\"><img loading=\"lazy\" width=\"1877\" height=\"480\" src=\"https:\/\/transcan.ro\/wp-content\/uploads\/2021\/03\/camp.png\" alt=\"\" class=\"wp-image-919\" srcset=\"https:\/\/transcan.ro\/wp-content\/uploads\/2021\/03\/camp.png 1877w, https:\/\/transcan.ro\/wp-content\/uploads\/2021\/03\/camp-300x77.png 300w, https:\/\/transcan.ro\/wp-content\/uploads\/2021\/03\/camp-1024x262.png 1024w, https:\/\/transcan.ro\/wp-content\/uploads\/2021\/03\/camp-768x196.png 768w, https:\/\/transcan.ro\/wp-content\/uploads\/2021\/03\/camp-1536x393.png 1536w, https:\/\/transcan.ro\/wp-content\/uploads\/2021\/03\/camp-100x26.png 100w, https:\/\/transcan.ro\/wp-content\/uploads\/2021\/03\/camp-1200x307.png 1200w\" sizes=\"(max-width: 1877px) 100vw, 1877px\" \/><\/figure>\n\n\n\n<h2 class=\"tw-data-text tw-text-large XcVN5d tw-ta\" id=\"tw-target-text\"><span lang=\"ro\">Depozite frigorifice \u0219i camere frigorifice<\/span><\/h2>\n\n\n\n<h4 class=\"tw-data-text tw-text-large XcVN5d tw-ta\"><span lang=\"ro\">Jocurile olimpice, paralimpice, Ryder Cup, F1 \u0219i probele de cai Burghley trebuie s\u0103 numeasc\u0103 doar c\u00e2teva evenimente care utilizeaz\u0103 \u00een mod regulat \u00eenregistratorii de date Transcan. Toate acestea au fost combinate cu sisteme de urm\u0103rire a vehiculelor pentru a monitoriza livr\u0103rile \u0219i depozitarea critic\u0103 a temperaturii. Sinergia dintre temperatur\u0103 \u0219i urm\u0103rirea vehiculului contribuie la garantarea faptului c\u0103 produsele sosesc \/ sunt stocate cu aceea\u0219i calitate ridicat\u0103 pe m\u0103sur\u0103 ce p\u0103r\u0103sesc facilit\u0103\u021bile de produc\u021bie ale clien\u021bilor no\u0219tri. Proasp\u0103t \u0219i potrivit pentru consum.<\/span><\/h4>\n\n\n\n<figure class=\"wp-block-image size-full\"><img loading=\"lazy\" width=\"1887\" height=\"480\" src=\"https:\/\/transcan.ro\/wp-content\/uploads\/2021\/03\/frigidere.png\" alt=\"\" class=\"wp-image-913\" srcset=\"https:\/\/transcan.ro\/wp-content\/uploads\/2021\/03\/frigidere.png 1887w, https:\/\/transcan.ro\/wp-content\/uploads\/2021\/03\/frigidere-300x76.png 300w, https:\/\/transcan.ro\/wp-content\/uploads\/2021\/03\/frigidere-1024x260.png 1024w, https:\/\/transcan.ro\/wp-content\/uploads\/2021\/03\/frigidere-768x195.png 768w, https:\/\/transcan.ro\/wp-content\/uploads\/2021\/03\/frigidere-1536x391.png 1536w, https:\/\/transcan.ro\/wp-content\/uploads\/2021\/03\/frigidere-100x25.png 100w, https:\/\/transcan.ro\/wp-content\/uploads\/2021\/03\/frigidere-1200x305.png 1200w\" sizes=\"(max-width: 1887px) 100vw, 1887px\" \/><\/figure>\n","protected":false},"excerpt":{"rendered":"<p>Alimente congelate \u0219i refrigerate \u00centreprinderile se confrunt\u0103 cu presiuni din ce \u00een ce mai mari pentru a \u00eendeplini cerin\u021bele legale stricte ale UE, precum \u0219i cereri intense la timp. Pia\u021ba de consum cre\u0219te at\u00e2t \u00een \u200b\u200bdimensiune, c\u00e2t \u0219i \u00een a\u0219tept\u0103ri. Cu gusturi mai largi \u0219i o genera\u021bie bazat\u0103 pe tehnologie, proviziile pentru produsele \u201enon-sezoniere\u201d s-au intensificat \u0219i au pus noi &#8230;<\/p>\n","protected":false},"author":1,"featured_media":0,"parent":0,"menu_order":0,"comment_status":"closed","ping_status":"closed","template":"","meta":[],"yoast_head":"<!-- This site is optimized with the Yoast SEO plugin v15.3 - https:\/\/yoast.com\/wordpress\/plugins\/seo\/ -->\n<title>Domenii Deservite - Transcan<\/title>\n<meta name=\"robots\" content=\"index, follow, max-snippet:-1, max-image-preview:large, max-video-preview:-1\" \/>\n<link rel=\"canonical\" href=\"https:\/\/transcan.ro\/?page_id=893\" \/>\n<meta property=\"og:locale\" content=\"ro_RO\" \/>\n<meta property=\"og:type\" content=\"article\" \/>\n<meta property=\"og:title\" content=\"Domenii Deservite - Transcan\" \/>\n<meta property=\"og:description\" content=\"Alimente congelate \u0219i refrigerate \u00centreprinderile se confrunt\u0103 cu presiuni din ce \u00een ce mai mari pentru a \u00eendeplini cerin\u021bele legale stricte ale UE, precum \u0219i cereri intense la timp. Pia\u021ba de consum cre\u0219te at\u00e2t \u00een \u200b\u200bdimensiune, c\u00e2t \u0219i \u00een a\u0219tept\u0103ri. Cu gusturi mai largi \u0219i o genera\u021bie bazat\u0103 pe tehnologie, proviziile pentru produsele \u201enon-sezoniere\u201d s-au intensificat \u0219i au pus noi ...\" \/>\n<meta property=\"og:url\" content=\"https:\/\/transcan.ro\/?page_id=893\" \/>\n<meta property=\"og:site_name\" content=\"Transcan\" \/>\n<meta property=\"article:modified_time\" content=\"2021-03-09T15:08:14+00:00\" \/>\n<meta property=\"og:image\" content=\"https:\/\/transcan.ro\/wp-content\/uploads\/2021\/03\/peste-2.png\" \/>\n<meta name=\"twitter:card\" content=\"summary_large_image\" \/>\n<meta name=\"twitter:label1\" content=\"Scris de\">\n\t<meta name=\"twitter:data1\" content=\"admin\">\n\t<meta name=\"twitter:label2\" content=\"Timp estimat pentru citire\">\n\t<meta name=\"twitter:data2\" content=\"3 minute\">\n<script type=\"application\/ld+json\" class=\"yoast-schema-graph\">{\"@context\":\"https:\/\/schema.org\",\"@graph\":[{\"@type\":\"WebSite\",\"@id\":\"https:\/\/transcan.ro\/#website\",\"url\":\"https:\/\/transcan.ro\/\",\"name\":\"Transcan\",\"description\":\"Masurarea Temperaturii\",\"potentialAction\":[{\"@type\":\"SearchAction\",\"target\":\"https:\/\/transcan.ro\/?s={search_term_string}\",\"query-input\":\"required name=search_term_string\"}],\"inLanguage\":\"ro-RO\"},{\"@type\":\"ImageObject\",\"@id\":\"https:\/\/transcan.ro\/?page_id=893#primaryimage\",\"inLanguage\":\"ro-RO\",\"url\":\"https:\/\/transcan.ro\/wp-content\/uploads\/2021\/03\/peste-2.png\",\"width\":1891,\"height\":476},{\"@type\":\"WebPage\",\"@id\":\"https:\/\/transcan.ro\/?page_id=893#webpage\",\"url\":\"https:\/\/transcan.ro\/?page_id=893\",\"name\":\"Domenii Deservite - Transcan\",\"isPartOf\":{\"@id\":\"https:\/\/transcan.ro\/#website\"},\"primaryImageOfPage\":{\"@id\":\"https:\/\/transcan.ro\/?page_id=893#primaryimage\"},\"datePublished\":\"2021-03-02T12:03:10+00:00\",\"dateModified\":\"2021-03-09T15:08:14+00:00\",\"inLanguage\":\"ro-RO\",\"potentialAction\":[{\"@type\":\"ReadAction\",\"target\":[\"https:\/\/transcan.ro\/?page_id=893\"]}]}]}<\/script>\n<!-- \/ Yoast SEO plugin. -->","_links":{"self":[{"href":"https:\/\/transcan.ro\/index.php?rest_route=\/wp\/v2\/pages\/893"}],"collection":[{"href":"https:\/\/transcan.ro\/index.php?rest_route=\/wp\/v2\/pages"}],"about":[{"href":"https:\/\/transcan.ro\/index.php?rest_route=\/wp\/v2\/types\/page"}],"author":[{"embeddable":true,"href":"https:\/\/transcan.ro\/index.php?rest_route=\/wp\/v2\/users\/1"}],"replies":[{"embeddable":true,"href":"https:\/\/transcan.ro\/index.php?rest_route=%2Fwp%2Fv2%2Fcomments&post=893"}],"version-history":[{"count":13,"href":"https:\/\/transcan.ro\/index.php?rest_route=\/wp\/v2\/pages\/893\/revisions"}],"predecessor-version":[{"id":926,"href":"https:\/\/transcan.ro\/index.php?rest_route=\/wp\/v2\/pages\/893\/revisions\/926"}],"wp:attachment":[{"href":"https:\/\/transcan.ro\/index.php?rest_route=%2Fwp%2Fv2%2Fmedia&parent=893"}],"curies":[{"name":"wp","href":"https:\/\/api.w.org\/{rel}","templated":true}]}}